{"id":9,"date":"2023-12-11T17:03:19","date_gmt":"2023-12-11T17:03:19","guid":{"rendered":"https:\/\/clan-des-songes.com\/?page_id=9"},"modified":"2024-04-25T09:56:18","modified_gmt":"2024-04-25T09:56:18","slug":"accueil","status":"publish","type":"page","link":"https:\/\/clan-des-songes.com\/en\/","title":{"rendered":"Home"},"content":{"rendered":"<div class=\"wpb-content-wrapper\"><div class=\"vc_row wpb_row vc_row-fluid vc_custom_1704899730060 wd-rs-659eb488d535f\"><div class=\"wpb_column vc_column_container vc_col-sm-12\"><div class=\"vc_column-inner\"><div class=\"wpb_wrapper\"><div class=\"avt_masterslider_el\" >\n\t\t<!-- MasterSlider -->\n\t\t<div id=\"P_MS6a030fb66e172\" class=\"master-slider-parent ms-parent-id-1\" style=\"\" >\n\n\t\t\t\n\t\t\t<!-- MasterSlider Main -->\n\t\t\t<div id=\"MS6a030fb66e172\" class=\"master-slider ms-skin-default\" >\n\t\t\t\t \t\t\t\t \n\t\t\t<div  class=\"ms-slide\" data-delay=\"3\" data-fill-mode=\"fill\"   >\n\t\t\t\t\t<img decoding=\"async\" src=\"https:\/\/clan-des-songes.com\/wp-content\/plugins\/masterslider\/public\/assets\/css\/blank.gif\" alt=\"\" title=\"3P-36\" data-src=\"https:\/\/clan-des-songes.com\/wp-content\/uploads\/2023\/12\/3P-36-1-scaled.jpg\" \/>\n\n\n\t\t\t\t<\/div>\n\t\t\t<div  class=\"ms-slide\" data-delay=\"1\" data-fill-mode=\"fill\"   >\n\t\t\t\t\t<img decoding=\"async\" src=\"https:\/\/clan-des-songes.com\/wp-content\/plugins\/masterslider\/public\/assets\/css\/blank.gif\" alt=\"\" title=\"fragile-001\" data-src=\"https:\/\/clan-des-songes.com\/wp-content\/uploads\/2023\/12\/fragile-001-scaled.jpg\" \/>\n\n\n\t\t\t\t<\/div>\n\t\t\t<div  class=\"ms-slide\" data-delay=\"1\" data-fill-mode=\"fill\"   >\n\t\t\t\t\t<img decoding=\"async\" src=\"https:\/\/clan-des-songes.com\/wp-content\/plugins\/masterslider\/public\/assets\/css\/blank.gif\" alt=\"\" title=\"_J2B7822\" data-src=\"https:\/\/clan-des-songes.com\/wp-content\/uploads\/2024\/05\/J2B7822.jpg\" \/>\n\n\n\t\t\t\t<\/div>\n\t\t\t<div  class=\"ms-slide\" data-delay=\"3\" data-fill-mode=\"fill\"   >\n\t\t\t\t\t<img decoding=\"async\" src=\"https:\/\/clan-des-songes.com\/wp-content\/plugins\/masterslider\/public\/assets\/css\/blank.gif\" alt=\"\" title=\"marionette-04\" data-src=\"https:\/\/clan-des-songes.com\/wp-content\/uploads\/2024\/05\/marionette-04.jpg\" \/>\n\n\n\t\t\t\t<\/div>\n\t\t\t<div  class=\"ms-slide\" data-delay=\"3\" data-fill-mode=\"fill\"   >\n\t\t\t\t\t<img decoding=\"async\" src=\"https:\/\/clan-des-songes.com\/wp-content\/plugins\/masterslider\/public\/assets\/css\/blank.gif\" alt=\"\" title=\"ch2\" data-src=\"https:\/\/clan-des-songes.com\/wp-content\/uploads\/2023\/12\/ch2-scaled.jpg\" \/>\n\n\n\t\t\t\t<\/div>\n\t\t\t<div  class=\"ms-slide\" data-delay=\"1\" data-fill-mode=\"fill\"   >\n\t\t\t\t\t<img decoding=\"async\" src=\"https:\/\/clan-des-songes.com\/wp-content\/plugins\/masterslider\/public\/assets\/css\/blank.gif\" alt=\"\" title=\"IMG_9537\" data-src=\"https:\/\/clan-des-songes.com\/wp-content\/uploads\/2023\/12\/IMG_9537-scaled.jpg\" \/>\n\n\n\t\t\t\t<\/div>\n\t\t\t<div  class=\"ms-slide\" data-delay=\"1\" data-fill-mode=\"fill\"   >\n\t\t\t\t\t<img decoding=\"async\" src=\"https:\/\/clan-des-songes.com\/wp-content\/plugins\/masterslider\/public\/assets\/css\/blank.gif\" alt=\"\" title=\"PhotoCARGOHR\" data-src=\"https:\/\/clan-des-songes.com\/wp-content\/uploads\/2024\/05\/PhotoCARGOHR.jpg\" \/>\n\n\n\t\t\t\t<\/div>\n\n\t\t\t<\/div>\n\t\t\t<!-- END MasterSlider Main -->\n\n\t\t\t \n\t\t<\/div>\n\t\t<!-- END MasterSlider -->\n\n\t\t<script>\n\t\t( window.MSReady = window.MSReady || [] ).push( function( $ ) {\n\n\t\t\t\"use strict\";\n\t\t\tvar masterslider_e172 = new MasterSlider();\n\n\t\t\t\/\/ slider controls\n\t\t\t\/\/ slider setup\n\t\t\tmasterslider_e172.setup(\"MS6a030fb66e172\", {\n\t\t\t\twidth           : 1000,\n\t\t\t\theight          : 500,\n\t\t\t\tminHeight       : 0,\n\t\t\t\tspace           : 0,\n\t\t\t\tstart           : 1,\n\t\t\t\tgrabCursor      : true,\n\t\t\t\tswipe           : true,\n\t\t\t\tmouse           : true,\n\t\t\t\tkeyboard        : false,\n\t\t\t\tlayout          : \"fullscreen\",\n\t\t\t\twheel           : false,\n\t\t\t\tautoplay        : true,\n                instantStartLayers:false,\n\t\t\t\tmobileBGVideo:false,\n\t\t\t\tloop            : true,\n\t\t\t\tshuffle         : false,\n\t\t\t\tpreload         : 0,\n\t\t\t\theightLimit     : true,\n\t\t\t\tautoHeight      : false,\n\t\t\t\tsmoothHeight    : true,\n\t\t\t\tendPause        : false,\n\t\t\t\toverPause       : false,\n\t\t\t\tfillMode        : \"fill\",\n\t\t\t\tcenterControls  : true,\n\t\t\t\tstartOnAppear   : false,\n\t\t\t\tlayersMode      : \"center\",\n\t\t\t\tautofillTarget  : \"\",\n\t\t\t\thideLayers      : false,\n\t\t\t\tfullscreenMargin: 0,\n\t\t\t\tspeed           : 4,\n\t\t\t\tdir             : \"h\",\n\t\t\t\tresponsive      : true,\n\t\t\t\ttabletWidth     : 768,\n\t\t\t\ttabletHeight    : null,\n\t\t\t\tphoneWidth      : 480,\n\t\t\t\tphoneHeight    : null,\n\t\t\t\tsizingReference : window,\n\t\t\t\tparallaxMode    : 'swipe',\n\t\t\t\tview            : \"fade\"\n\t\t\t});\n\n\t\t\t\n\t\t\twindow.masterslider_instances = window.masterslider_instances || [];\n\t\t\twindow.masterslider_instances.push( masterslider_e172 );\n\t\t});\n\t\t<\/script>\n\n<\/div><\/div><\/div><\/div><\/div>\n<\/div>","protected":false},"excerpt":{"rendered":"","protected":false},"author":1,"featured_media":0,"parent":0,"menu_order":2,"comment_status":"closed","ping_status":"closed","template":"","meta":{"_acf_changed":false,"footnotes":""},"class_list":["post-9","page","type-page","status-publish","hentry"],"acf":[],"yoast_head":"<!-- This site is optimized with the Yoast SEO plugin v27.5 - https:\/\/yoast.com\/product\/yoast-seo-wordpress\/ -->\n<title>Le Clan de Songes - Compagnie de th\u00e9\u00e2tre \u00e0 Toulouse<\/title>\n<meta name=\"description\" content=\"Le Clan des Songes est une Cie jeune public reconnue nationalement et internationalement pour la qualit\u00e9 de son travail.\" \/>\n<meta name=\"robots\" content=\"index, follow, max-snippet:-1, max-image-preview:large, max-video-preview:-1\" \/>\n<link rel=\"canonical\" href=\"https:\/\/clan-des-songes.com\/en\/\" \/>\n<meta property=\"og:locale\" content=\"en_GB\" \/>\n<meta property=\"og:type\" content=\"article\" \/>\n<meta property=\"og:title\" content=\"Le Clan de Songes - Compagnie de th\u00e9\u00e2tre \u00e0 Toulouse\" \/>\n<meta property=\"og:description\" content=\"Le Clan des Songes est une Cie jeune public reconnue nationalement et internationalement pour la qualit\u00e9 de son travail.\" \/>\n<meta property=\"og:url\" content=\"https:\/\/clan-des-songes.com\/en\/\" \/>\n<meta property=\"og:site_name\" content=\"Le clan des songes\" \/>\n<meta property=\"article:modified_time\" content=\"2024-04-25T09:56:18+00:00\" \/>\n<meta name=\"twitter:card\" content=\"summary_large_image\" \/>\n<meta name=\"twitter:label1\" content=\"Estimated reading time\" \/>\n\t<meta name=\"twitter:data1\" content=\"1 minute\" \/>\n<script type=\"application\/ld+json\" class=\"yoast-schema-graph\">{\"@context\":\"https:\\\/\\\/schema.org\",\"@graph\":[{\"@type\":\"WebPage\",\"@id\":\"https:\\\/\\\/clan-des-songes.com\\\/\",\"url\":\"https:\\\/\\\/clan-des-songes.com\\\/\",\"name\":\"Le Clan de Songes - Compagnie de th\u00e9\u00e2tre \u00e0 Toulouse\",\"isPartOf\":{\"@id\":\"https:\\\/\\\/clan-des-songes.com\\\/#website\"},\"datePublished\":\"2023-12-11T17:03:19+00:00\",\"dateModified\":\"2024-04-25T09:56:18+00:00\",\"description\":\"Le Clan des Songes est une Cie jeune public reconnue nationalement et internationalement pour la qualit\u00e9 de son travail.\",\"breadcrumb\":{\"@id\":\"https:\\\/\\\/clan-des-songes.com\\\/#breadcrumb\"},\"inLanguage\":\"en-GB\",\"potentialAction\":[{\"@type\":\"ReadAction\",\"target\":[\"https:\\\/\\\/clan-des-songes.com\\\/\"]}]},{\"@type\":\"BreadcrumbList\",\"@id\":\"https:\\\/\\\/clan-des-songes.com\\\/#breadcrumb\",\"itemListElement\":[{\"@type\":\"ListItem\",\"position\":1,\"name\":\"Accueil\",\"item\":\"https:\\\/\\\/clan-des-songes.com\\\/\"},{\"@type\":\"ListItem\",\"position\":2,\"name\":\"Accueil\"}]},{\"@type\":\"WebSite\",\"@id\":\"https:\\\/\\\/clan-des-songes.com\\\/#website\",\"url\":\"https:\\\/\\\/clan-des-songes.com\\\/\",\"name\":\"Le clan des songes\",\"description\":\"\",\"publisher\":{\"@id\":\"https:\\\/\\\/clan-des-songes.com\\\/#organization\"},\"potentialAction\":[{\"@type\":\"SearchAction\",\"target\":{\"@type\":\"EntryPoint\",\"urlTemplate\":\"https:\\\/\\\/clan-des-songes.com\\\/?s={search_term_string}\"},\"query-input\":{\"@type\":\"PropertyValueSpecification\",\"valueRequired\":true,\"valueName\":\"search_term_string\"}}],\"inLanguage\":\"en-GB\"},{\"@type\":\"Organization\",\"@id\":\"https:\\\/\\\/clan-des-songes.com\\\/#organization\",\"name\":\"Le clan des songes\",\"url\":\"https:\\\/\\\/clan-des-songes.com\\\/\",\"logo\":{\"@type\":\"ImageObject\",\"inLanguage\":\"en-GB\",\"@id\":\"https:\\\/\\\/clan-des-songes.com\\\/#\\\/schema\\\/logo\\\/image\\\/\",\"url\":\"https:\\\/\\\/clan-des-songes.com\\\/wp-content\\\/uploads\\\/2024\\\/01\\\/favicon-1.png\",\"contentUrl\":\"https:\\\/\\\/clan-des-songes.com\\\/wp-content\\\/uploads\\\/2024\\\/01\\\/favicon-1.png\",\"width\":512,\"height\":512,\"caption\":\"Le clan des songes\"},\"image\":{\"@id\":\"https:\\\/\\\/clan-des-songes.com\\\/#\\\/schema\\\/logo\\\/image\\\/\"}}]}<\/script>\n<!-- \/ Yoast SEO plugin. -->","yoast_head_json":{"title":"Le Clan de Songes - Compagnie de th\u00e9\u00e2tre \u00e0 Toulouse","description":"Le Clan des Songes est une Cie jeune public reconnue nationalement et internationalement pour la qualit\u00e9 de son travail.","robots":{"index":"index","follow":"follow","max-snippet":"max-snippet:-1","max-image-preview":"max-image-preview:large","max-video-preview":"max-video-preview:-1"},"canonical":"https:\/\/clan-des-songes.com\/en\/","og_locale":"en_GB","og_type":"article","og_title":"Le Clan de Songes - Compagnie de th\u00e9\u00e2tre \u00e0 Toulouse","og_description":"Le Clan des Songes est une Cie jeune public reconnue nationalement et internationalement pour la qualit\u00e9 de son travail.","og_url":"https:\/\/clan-des-songes.com\/en\/","og_site_name":"Le clan des songes","article_modified_time":"2024-04-25T09:56:18+00:00","twitter_card":"summary_large_image","twitter_misc":{"Estimated reading time":"1 minute"},"schema":{"@context":"https:\/\/schema.org","@graph":[{"@type":"WebPage","@id":"https:\/\/clan-des-songes.com\/","url":"https:\/\/clan-des-songes.com\/","name":"Le Clan de Songes - Compagnie de th\u00e9\u00e2tre \u00e0 Toulouse","isPartOf":{"@id":"https:\/\/clan-des-songes.com\/#website"},"datePublished":"2023-12-11T17:03:19+00:00","dateModified":"2024-04-25T09:56:18+00:00","description":"Le Clan des Songes est une Cie jeune public reconnue nationalement et internationalement pour la qualit\u00e9 de son travail.","breadcrumb":{"@id":"https:\/\/clan-des-songes.com\/#breadcrumb"},"inLanguage":"en-GB","potentialAction":[{"@type":"ReadAction","target":["https:\/\/clan-des-songes.com\/"]}]},{"@type":"BreadcrumbList","@id":"https:\/\/clan-des-songes.com\/#breadcrumb","itemListElement":[{"@type":"ListItem","position":1,"name":"Accueil","item":"https:\/\/clan-des-songes.com\/"},{"@type":"ListItem","position":2,"name":"Accueil"}]},{"@type":"WebSite","@id":"https:\/\/clan-des-songes.com\/#website","url":"https:\/\/clan-des-songes.com\/","name":"The dream clan","description":"","publisher":{"@id":"https:\/\/clan-des-songes.com\/#organization"},"potentialAction":[{"@type":"SearchAction","target":{"@type":"EntryPoint","urlTemplate":"https:\/\/clan-des-songes.com\/?s={search_term_string}"},"query-input":{"@type":"PropertyValueSpecification","valueRequired":true,"valueName":"search_term_string"}}],"inLanguage":"en-GB"},{"@type":"Organization","@id":"https:\/\/clan-des-songes.com\/#organization","name":"The dream clan","url":"https:\/\/clan-des-songes.com\/","logo":{"@type":"ImageObject","inLanguage":"en-GB","@id":"https:\/\/clan-des-songes.com\/#\/schema\/logo\/image\/","url":"https:\/\/clan-des-songes.com\/wp-content\/uploads\/2024\/01\/favicon-1.png","contentUrl":"https:\/\/clan-des-songes.com\/wp-content\/uploads\/2024\/01\/favicon-1.png","width":512,"height":512,"caption":"Le clan des songes"},"image":{"@id":"https:\/\/clan-des-songes.com\/#\/schema\/logo\/image\/"}}]}},"_links":{"self":[{"href":"https:\/\/clan-des-songes.com\/en\/wp-json\/wp\/v2\/pages\/9","targetHints":{"allow":["GET"]}}],"collection":[{"href":"https:\/\/clan-des-songes.com\/en\/wp-json\/wp\/v2\/pages"}],"about":[{"href":"https:\/\/clan-des-songes.com\/en\/wp-json\/wp\/v2\/types\/page"}],"author":[{"embeddable":true,"href":"https:\/\/clan-des-songes.com\/en\/wp-json\/wp\/v2\/users\/1"}],"replies":[{"embeddable":true,"href":"https:\/\/clan-des-songes.com\/en\/wp-json\/wp\/v2\/comments?post=9"}],"version-history":[{"count":228,"href":"https:\/\/clan-des-songes.com\/en\/wp-json\/wp\/v2\/pages\/9\/revisions"}],"predecessor-version":[{"id":15,"href":"https:\/\/clan-des-songes.com\/en\/wp-json\/wp\/v2\/pages\/9\/revisions\/15"}],"wp:attachment":[{"href":"https:\/\/clan-des-songes.com\/en\/wp-json\/wp\/v2\/media?parent=9"}],"curies":[{"name":"wp","href":"https:\/\/api.w.org\/{rel}","templated":true}]}}