{"id":495,"date":"2024-01-25T10:29:46","date_gmt":"2024-01-25T10:29:46","guid":{"rendered":"https:\/\/clan-des-songes.com\/?page_id=495"},"modified":"2024-05-14T14:25:33","modified_gmt":"2024-05-14T14:25:33","slug":"partners","status":"publish","type":"page","link":"https:\/\/clan-des-songes.com\/en\/partners","title":{"rendered":"Partners"},"content":{"rendered":"<div class=\"wpb-content-wrapper\"><div class=\"vc_row wpb_row vc_row-fluid vc_custom_1707163719201 vc_column-gap-30 wd-rs-65c1403b578f0\"><div class=\"wpb_column vc_column_container vc_col-sm-3\"><div class=\"vc_column-inner\"><div class=\"wpb_wrapper\"><\/div><\/div><\/div><div class=\"wpb_column vc_column_container vc_col-sm-6\"><div class=\"vc_column-inner\"><div class=\"wpb_wrapper\">\n\t<div class=\"wpb_text_column wpb_content_element\" >\n\t\t<div class=\"wpb_wrapper\">\n\t\t\t<h1 style=\"text-align: center;\">Our partners<\/h1>\n<p style=\"text-align: center;\">They believe in our work and accompany us on our creative journey. Without their participation and support, it would be very difficult to bring our dreams to life!<br \/>\nOur heartfelt thanks go to them.<\/p>\n\n\t\t<\/div>\n\t<\/div>\n\t\t\t<link rel=\"stylesheet\" id=\"wd-accordion-css\" href=\"https:\/\/clan-des-songes.com\/wp-content\/themes\/woodmart\/css\/parts\/el-accordion.min.css?ver=7.3.4\" type=\"text\/css\" media=\"all\" \/> \t\t\t\n\t\t<div id=\"wd-65b8d6421efff\" class=\"wd-accordion wd-wpb wd-rs-65b8d6421efff  wd-style-default wd-border-off\" data-state=\"all_closed\">\n\t\t\t\t\t\t\t\n\t\t\t\t\n\t\t\t\t<div class=\"wd-accordion-item\">\n\t\t\t\t\t<div class=\"wd-accordion-title font-primary wd-fontsize-s text-left wd-opener-pos-left wd-font-weight-600\" data-accordion-index=\"0\">\n\t\t\t\t\t\t<div class=\"wd-accordion-title-text\">\n\t\t\t\t\t\t\t\t\t\t\t\t\t\t<span>\n\t\t\t\t\t\t\t\tMinistry of Culture - Drac Occitanie\t\t\t\t\t\t\t<\/span>\n\t\t\t\t\t\t<\/div>\n\t\t\t\t\t\t<span class=\"wd-accordion-opener wd-opener-style-arrow\"><\/span>\n\t\t\t\t\t<\/div>\n\n\t\t\t\t\t<div class=\"wd-accordion-content reset-last-child\" data-accordion-index=\"0\">\n\t\t\t\t\t\t\t\t\t\t\t\t\t<p>Three-year agreement since 2012<br \/>\nLe Clan des Songes is subsidised for puppetry arts<\/p>\n\t\t\t\t\t\t\t\t\t\t\t<\/div>\n\t\t\t\t<\/div>\n\t\t\t\t\t\t\t\n\t\t\t\t\n\t\t\t\t<div class=\"wd-accordion-item\">\n\t\t\t\t\t<div class=\"wd-accordion-title font-primary wd-fontsize-s text-left wd-opener-pos-left wd-font-weight-600\" data-accordion-index=\"1\">\n\t\t\t\t\t\t<div class=\"wd-accordion-title-text\">\n\t\t\t\t\t\t\t\t\t\t\t\t\t\t<span>\n\t\t\t\t\t\t\t\tR\u00e9gion Occitanie\t\t\t\t\t\t\t<\/span>\n\t\t\t\t\t\t<\/div>\n\t\t\t\t\t\t<span class=\"wd-accordion-opener wd-opener-style-arrow\"><\/span>\n\t\t\t\t\t<\/div>\n\n\t\t\t\t\t<div class=\"wd-accordion-content reset-last-child\" data-accordion-index=\"1\">\n\t\t\t\t\t\t\t\t\t\t\t\t\t<p>Aide au projet<\/p>\n<p>Support for international mobility<br \/>\n(tours in New York in 2013, Quebec in 2014, New York in 2016)<br \/>\nVehicle purchase aid (Regional Intervention Fund in 2008 and 2015)<\/p>\n\t\t\t\t\t\t\t\t\t\t\t<\/div>\n\t\t\t\t<\/div>\n\t\t\t\t\t\t\t\n\t\t\t\t\n\t\t\t\t<div class=\"wd-accordion-item\">\n\t\t\t\t\t<div class=\"wd-accordion-title font-primary wd-fontsize-s text-left wd-opener-pos-left wd-font-weight-600\" data-accordion-index=\"2\">\n\t\t\t\t\t\t<div class=\"wd-accordion-title-text\">\n\t\t\t\t\t\t\t\t\t\t\t\t\t\t<span>\n\t\t\t\t\t\t\t\tCity of Toulouse\t\t\t\t\t\t\t<\/span>\n\t\t\t\t\t\t<\/div>\n\t\t\t\t\t\t<span class=\"wd-accordion-opener wd-opener-style-arrow\"><\/span>\n\t\t\t\t\t<\/div>\n\n\t\t\t\t\t<div class=\"wd-accordion-content reset-last-child\" data-accordion-index=\"2\">\n\t\t\t\t\t\t\t\t\t\t\t\t\t<p>Project support for all the company's productions<br \/>\nBiennial agreement<\/p>\n\t\t\t\t\t\t\t\t\t\t\t<\/div>\n\t\t\t\t<\/div>\n\t\t\t\t\t\t\t\n\t\t\t\t\n\t\t\t\t<div class=\"wd-accordion-item\">\n\t\t\t\t\t<div class=\"wd-accordion-title font-primary wd-fontsize-s text-left wd-opener-pos-left wd-font-weight-600\" data-accordion-index=\"3\">\n\t\t\t\t\t\t<div class=\"wd-accordion-title-text\">\n\t\t\t\t\t\t\t\t\t\t\t\t\t\t<span>\n\t\t\t\t\t\t\t\tLa Cigali\u00e8re at S\u00e9rignan\t\t\t\t\t\t\t<\/span>\n\t\t\t\t\t\t<\/div>\n\t\t\t\t\t\t<span class=\"wd-accordion-opener wd-opener-style-arrow\"><\/span>\n\t\t\t\t\t<\/div>\n\n\t\t\t\t\t<div class=\"wd-accordion-content reset-last-child\" data-accordion-index=\"3\">\n\t\t\t\t\t\t\t\t\t\t\t\t\t<p>In a contemporary building with bold architecture, fans of the performing arts can enjoy a rich and varied programme of theatre, music, dance and circus arts throughout the season from October to June.<\/p>\n<p>La Cigali\u00e8re hosts a wide range of cultural events for the very young: shows, screenings, meetings and public rehearsals are just some of the activities on offer to young audiences, not only during school time but also during the holidays and family Wednesdays.<\/p>\n<p>The venue also hosts artists' residencies and supports amateur activities by hosting shows put on by the town's many cultural associations. Its modular nature also means that it can be used for a number of charity or awareness-raising events.<\/p>\n\t\t\t\t\t\t\t\t\t\t\t<\/div>\n\t\t\t\t<\/div>\n\t\t\t\t\t\t\t\n\t\t\t\t\n\t\t\t\t<div class=\"wd-accordion-item\">\n\t\t\t\t\t<div class=\"wd-accordion-title font-primary wd-fontsize-s text-left wd-opener-pos-left wd-font-weight-600\" data-accordion-index=\"4\">\n\t\t\t\t\t\t<div class=\"wd-accordion-title-text\">\n\t\t\t\t\t\t\t\t\t\t\t\t\t\t<span>\n\t\t\t\t\t\t\t\tTown of Venerque\t\t\t\t\t\t\t<\/span>\n\t\t\t\t\t\t<\/div>\n\t\t\t\t\t\t<span class=\"wd-accordion-opener wd-opener-style-arrow\"><\/span>\n\t\t\t\t\t<\/div>\n\n\t\t\t\t\t<div class=\"wd-accordion-content reset-last-child\" data-accordion-index=\"4\">\n\t\t\t\t\t\t\t\t\t\t\t\t\t<p>Au sein de la zone d\u2019activit\u00e9 de la Tuilerie, dans les locaux de la municipalit\u00e9, la Compagnie a install\u00e9 ses ateliers, une salle de r\u00e9p\u00e9tition et des espaces de stockage pour ses d\u00e9cors. L\u2019espace ext\u00e9rieur nous permet \u00e9galement de travailler au grand air quand le temps est cl\u00e9ment. C\u2019est une vraie chance d\u2019\u00eatre accueillis \u00e0 Venerque et de pouvoir y exercer notre activit\u00e9 artistique et nos actions p\u00e9dagogiques.<\/p>\n<p>For a company like ours, local roots are essential.<br \/>\nDepuis son installation sur la commune en octobre 2009 elle a pr\u00e9sent\u00e9 tous ses spectacles aux \u00e9coles de la commune soit dans la salle de f\u00eates de Venerque soit dans un autre lieu comme le Th\u00e9\u00e2tre National de Toulouse o\u00f9 les petits Venerquois ont \u00e9t\u00e9 les invit\u00e9s d&rsquo;honneur lors des cr\u00e9ations de la Compagnie.<\/p>\n<p>&nbsp;<\/p>\n\t\t\t\t\t\t\t\t\t\t\t<\/div>\n\t\t\t\t<\/div>\n\t\t\t\t\t\t\t\n\t\t\t\t\n\t\t\t\t<div class=\"wd-accordion-item\">\n\t\t\t\t\t<div class=\"wd-accordion-title font-primary wd-fontsize-s text-left wd-opener-pos-left wd-font-weight-600\" data-accordion-index=\"5\">\n\t\t\t\t\t\t<div class=\"wd-accordion-title-text\">\n\t\t\t\t\t\t\t\t\t\t\t\t\t\t<span>\n\t\t\t\t\t\t\t\tHaute Garonne Departmental Council\t\t\t\t\t\t\t<\/span>\n\t\t\t\t\t\t<\/div>\n\t\t\t\t\t\t<span class=\"wd-accordion-opener wd-opener-style-arrow\"><\/span>\n\t\t\t\t\t<\/div>\n\n\t\t\t\t\t<div class=\"wd-accordion-content reset-last-child\" data-accordion-index=\"5\">\n\t\t\t\t\t\t\t\t\t\t\t\t\t<p>Project support for all the company's productions.<\/p>\n\t\t\t\t\t\t\t\t\t\t\t<\/div>\n\t\t\t\t<\/div>\n\t\t\t\t\t\t\t\t\t\t\t\t\t\t<\/div>\n\n\t\t\n<div class=\"vc_grid-container-wrapper vc_clearfix vc_grid-animation-fadeIn\">\n\t<div class=\"vc_grid-container vc_clearfix wpb_content_element vc_media_grid\" data-initial-loading-animation=\"fadeIn\" data-vc-grid-settings=\"{&quot;page_id&quot;:495,&quot;style&quot;:&quot;all&quot;,&quot;action&quot;:&quot;vc_get_vc_grid_data&quot;,&quot;shortcode_id&quot;:&quot;1715696583052-1779baed-16bb-7&quot;,&quot;tag&quot;:&quot;vc_media_grid&quot;}\" data-vc-request=\"https:\/\/clan-des-songes.com\/wp-admin\/admin-ajax.php\" data-vc-post-id=\"495\" data-vc-public-nonce=\"9cb5f5c64e\">\n\t\t\n\t<\/div>\n<\/div><\/div><\/div><\/div><div class=\"wpb_column vc_column_container vc_col-sm-3\"><div class=\"vc_column-inner\"><div class=\"wpb_wrapper\"><\/div><\/div><\/div><\/div>\n<\/div>","protected":false},"excerpt":{"rendered":"Les partenaires Ils croient dans notre travail et nous accompagnent dans le chemin de la cr\u00e9ation. Sans leur participation et","protected":false},"author":1,"featured_media":0,"parent":0,"menu_order":6,"comment_status":"closed","ping_status":"closed","template":"","meta":{"_acf_changed":false,"footnotes":""},"class_list":["post-495","page","type-page","status-publish","hentry"],"acf":[],"yoast_head":"<!-- This site is optimized with the Yoast SEO plugin v27.5 - https:\/\/yoast.com\/product\/yoast-seo-wordpress\/ -->\n<title>Partenaires - Le clan des songes<\/title>\n<meta name=\"robots\" content=\"index, follow, max-snippet:-1, max-image-preview:large, max-video-preview:-1\" \/>\n<link rel=\"canonical\" href=\"https:\/\/clan-des-songes.com\/en\/partners\" \/>\n<meta property=\"og:locale\" content=\"en_GB\" \/>\n<meta property=\"og:type\" content=\"article\" \/>\n<meta property=\"og:title\" content=\"Partenaires - Le clan des songes\" \/>\n<meta property=\"og:url\" content=\"https:\/\/clan-des-songes.com\/en\/partners\" \/>\n<meta property=\"og:site_name\" content=\"Le clan des songes\" \/>\n<meta property=\"article:modified_time\" content=\"2024-05-14T14:25:33+00:00\" \/>\n<meta name=\"twitter:card\" content=\"summary_large_image\" \/>\n<meta name=\"twitter:label1\" content=\"Estimated reading time\" \/>\n\t<meta name=\"twitter:data1\" content=\"3 minutes\" \/>\n<script type=\"application\/ld+json\" class=\"yoast-schema-graph\">{\"@context\":\"https:\\\/\\\/schema.org\",\"@graph\":[{\"@type\":\"WebPage\",\"@id\":\"https:\\\/\\\/clan-des-songes.com\\\/partenaires\",\"url\":\"https:\\\/\\\/clan-des-songes.com\\\/partenaires\",\"name\":\"Partenaires - Le clan des songes\",\"isPartOf\":{\"@id\":\"https:\\\/\\\/clan-des-songes.com\\\/#website\"},\"datePublished\":\"2024-01-25T10:29:46+00:00\",\"dateModified\":\"2024-05-14T14:25:33+00:00\",\"breadcrumb\":{\"@id\":\"https:\\\/\\\/clan-des-songes.com\\\/partenaires#breadcrumb\"},\"inLanguage\":\"en-GB\",\"potentialAction\":[{\"@type\":\"ReadAction\",\"target\":[\"https:\\\/\\\/clan-des-songes.com\\\/partenaires\"]}]},{\"@type\":\"BreadcrumbList\",\"@id\":\"https:\\\/\\\/clan-des-songes.com\\\/partenaires#breadcrumb\",\"itemListElement\":[{\"@type\":\"ListItem\",\"position\":1,\"name\":\"Accueil\",\"item\":\"https:\\\/\\\/clan-des-songes.com\\\/\"},{\"@type\":\"ListItem\",\"position\":2,\"name\":\"Partenaires\"}]},{\"@type\":\"WebSite\",\"@id\":\"https:\\\/\\\/clan-des-songes.com\\\/#website\",\"url\":\"https:\\\/\\\/clan-des-songes.com\\\/\",\"name\":\"Le clan des songes\",\"description\":\"\",\"publisher\":{\"@id\":\"https:\\\/\\\/clan-des-songes.com\\\/#organization\"},\"potentialAction\":[{\"@type\":\"SearchAction\",\"target\":{\"@type\":\"EntryPoint\",\"urlTemplate\":\"https:\\\/\\\/clan-des-songes.com\\\/?s={search_term_string}\"},\"query-input\":{\"@type\":\"PropertyValueSpecification\",\"valueRequired\":true,\"valueName\":\"search_term_string\"}}],\"inLanguage\":\"en-GB\"},{\"@type\":\"Organization\",\"@id\":\"https:\\\/\\\/clan-des-songes.com\\\/#organization\",\"name\":\"Le clan des songes\",\"url\":\"https:\\\/\\\/clan-des-songes.com\\\/\",\"logo\":{\"@type\":\"ImageObject\",\"inLanguage\":\"en-GB\",\"@id\":\"https:\\\/\\\/clan-des-songes.com\\\/#\\\/schema\\\/logo\\\/image\\\/\",\"url\":\"https:\\\/\\\/clan-des-songes.com\\\/wp-content\\\/uploads\\\/2024\\\/01\\\/favicon-1.png\",\"contentUrl\":\"https:\\\/\\\/clan-des-songes.com\\\/wp-content\\\/uploads\\\/2024\\\/01\\\/favicon-1.png\",\"width\":512,\"height\":512,\"caption\":\"Le clan des songes\"},\"image\":{\"@id\":\"https:\\\/\\\/clan-des-songes.com\\\/#\\\/schema\\\/logo\\\/image\\\/\"}}]}<\/script>\n<!-- \/ Yoast SEO plugin. -->","yoast_head_json":{"title":"Partenaires - Le clan des songes","robots":{"index":"index","follow":"follow","max-snippet":"max-snippet:-1","max-image-preview":"max-image-preview:large","max-video-preview":"max-video-preview:-1"},"canonical":"https:\/\/clan-des-songes.com\/en\/partners","og_locale":"en_GB","og_type":"article","og_title":"Partenaires - Le clan des songes","og_url":"https:\/\/clan-des-songes.com\/en\/partners","og_site_name":"Le clan des songes","article_modified_time":"2024-05-14T14:25:33+00:00","twitter_card":"summary_large_image","twitter_misc":{"Estimated reading time":"3 minutes"},"schema":{"@context":"https:\/\/schema.org","@graph":[{"@type":"WebPage","@id":"https:\/\/clan-des-songes.com\/partenaires","url":"https:\/\/clan-des-songes.com\/partenaires","name":"Partenaires - Le clan des songes","isPartOf":{"@id":"https:\/\/clan-des-songes.com\/#website"},"datePublished":"2024-01-25T10:29:46+00:00","dateModified":"2024-05-14T14:25:33+00:00","breadcrumb":{"@id":"https:\/\/clan-des-songes.com\/partenaires#breadcrumb"},"inLanguage":"en-GB","potentialAction":[{"@type":"ReadAction","target":["https:\/\/clan-des-songes.com\/partenaires"]}]},{"@type":"BreadcrumbList","@id":"https:\/\/clan-des-songes.com\/partenaires#breadcrumb","itemListElement":[{"@type":"ListItem","position":1,"name":"Accueil","item":"https:\/\/clan-des-songes.com\/"},{"@type":"ListItem","position":2,"name":"Partenaires"}]},{"@type":"WebSite","@id":"https:\/\/clan-des-songes.com\/#website","url":"https:\/\/clan-des-songes.com\/","name":"The dream clan","description":"","publisher":{"@id":"https:\/\/clan-des-songes.com\/#organization"},"potentialAction":[{"@type":"SearchAction","target":{"@type":"EntryPoint","urlTemplate":"https:\/\/clan-des-songes.com\/?s={search_term_string}"},"query-input":{"@type":"PropertyValueSpecification","valueRequired":true,"valueName":"search_term_string"}}],"inLanguage":"en-GB"},{"@type":"Organization","@id":"https:\/\/clan-des-songes.com\/#organization","name":"The dream clan","url":"https:\/\/clan-des-songes.com\/","logo":{"@type":"ImageObject","inLanguage":"en-GB","@id":"https:\/\/clan-des-songes.com\/#\/schema\/logo\/image\/","url":"https:\/\/clan-des-songes.com\/wp-content\/uploads\/2024\/01\/favicon-1.png","contentUrl":"https:\/\/clan-des-songes.com\/wp-content\/uploads\/2024\/01\/favicon-1.png","width":512,"height":512,"caption":"Le clan des songes"},"image":{"@id":"https:\/\/clan-des-songes.com\/#\/schema\/logo\/image\/"}}]}},"_links":{"self":[{"href":"https:\/\/clan-des-songes.com\/en\/wp-json\/wp\/v2\/pages\/495","targetHints":{"allow":["GET"]}}],"collection":[{"href":"https:\/\/clan-des-songes.com\/en\/wp-json\/wp\/v2\/pages"}],"about":[{"href":"https:\/\/clan-des-songes.com\/en\/wp-json\/wp\/v2\/types\/page"}],"author":[{"embeddable":true,"href":"https:\/\/clan-des-songes.com\/en\/wp-json\/wp\/v2\/users\/1"}],"replies":[{"embeddable":true,"href":"https:\/\/clan-des-songes.com\/en\/wp-json\/wp\/v2\/comments?post=495"}],"version-history":[{"count":18,"href":"https:\/\/clan-des-songes.com\/en\/wp-json\/wp\/v2\/pages\/495\/revisions"}],"predecessor-version":[{"id":1428,"href":"https:\/\/clan-des-songes.com\/en\/wp-json\/wp\/v2\/pages\/495\/revisions\/1428"}],"wp:attachment":[{"href":"https:\/\/clan-des-songes.com\/en\/wp-json\/wp\/v2\/media?parent=495"}],"curies":[{"name":"wp","href":"https:\/\/api.w.org\/{rel}","templated":true}]}}